{"id":121,"date":"2024-03-10T14:02:38","date_gmt":"2024-03-10T11:02:38","guid":{"rendered":"https:\/\/sonproje.com.tr\/?page_id=121"},"modified":"2024-03-10T16:51:55","modified_gmt":"2024-03-10T13:51:55","slug":"biz-kimiz","status":"publish","type":"page","link":"https:\/\/sonproje.com.tr\/index.php\/biz-kimiz\/","title":{"rendered":""},"content":{"rendered":"\n<p class=\"has-large-font-size\"><a href=\"https:\/\/sonproje.com.tr\/\" data-type=\"page\" data-id=\"17\">ANA SAYFA <\/a><\/p>\n\n\n\n<figure class=\"wp-block-image size-full is-resized wp-duotone-111111-f1fefb-1\"><img loading=\"lazy\" decoding=\"async\" width=\"343\" height=\"639\" src=\"https:\/\/sonproje.com.tr\/wp-content\/uploads\/2024\/03\/bt.jpg\" alt=\"\" class=\"wp-image-178\" style=\"width:156px;height:auto\" srcset=\"https:\/\/sonproje.com.tr\/wp-content\/uploads\/2024\/03\/bt.jpg 343w, https:\/\/sonproje.com.tr\/wp-content\/uploads\/2024\/03\/bt-161x300.jpg 161w\" sizes=\"auto, (max-width: 343px) 100vw, 343px\" \/><\/figure>\n\n\n\n<div class=\"wp-block-group has-global-padding is-layout-constrained wp-block-group-is-layout-constrained\">\n<p class=\"has-small-font-size\"><strong>BU\u011eRA T\u00dcRKO\u011eLU <\/strong>                                                                                                        \u015eEH\u0130R PLANCISI<\/p>\n<\/div>\n\n\n\n<p class=\"has-small-font-size\"><strong>AY\u015eE MEL\u0130S ES\u0130N   <\/strong>                                                                                                        \u015eEH\u0130R PLANCISI <\/p>\n","protected":false},"excerpt":{"rendered":"<p>ANA SAYFA BU\u011eRA T\u00dcRKO\u011eLU \u015eEH\u0130R PLANCISI AY\u015eE MEL\u0130S ES\u0130N \u015eEH\u0130R PLANCISI<\/p>\n","protected":false},"author":1,"featured_media":0,"parent":0,"menu_order":0,"comment_status":"closed","ping_status":"closed","template":"","meta":{"footnotes":""},"class_list":["post-121","page","type-page","status-publish","hentry"],"_links":{"self":[{"href":"https:\/\/sonproje.com.tr\/index.php\/wp-json\/wp\/v2\/pages\/121","targetHints":{"allow":["GET"]}}],"collection":[{"href":"https:\/\/sonproje.com.tr\/index.php\/wp-json\/wp\/v2\/pages"}],"about":[{"href":"https:\/\/sonproje.com.tr\/index.php\/wp-json\/wp\/v2\/types\/page"}],"author":[{"embeddable":true,"href":"https:\/\/sonproje.com.tr\/index.php\/wp-json\/wp\/v2\/users\/1"}],"replies":[{"embeddable":true,"href":"https:\/\/sonproje.com.tr\/index.php\/wp-json\/wp\/v2\/comments?post=121"}],"version-history":[{"count":19,"href":"https:\/\/sonproje.com.tr\/index.php\/wp-json\/wp\/v2\/pages\/121\/revisions"}],"predecessor-version":[{"id":207,"href":"https:\/\/sonproje.com.tr\/index.php\/wp-json\/wp\/v2\/pages\/121\/revisions\/207"}],"wp:attachment":[{"href":"https:\/\/sonproje.com.tr\/index.php\/wp-json\/wp\/v2\/media?parent=121"}],"curies":[{"name":"wp","href":"https:\/\/api.w.org\/{rel}","templated":true}]}}