{"id":107,"date":"2024-03-07T12:49:56","date_gmt":"2024-03-07T09:49:56","guid":{"rendered":"https:\/\/sonproje.com.tr\/?page_id=107"},"modified":"2024-03-11T10:02:27","modified_gmt":"2024-03-11T07:02:27","slug":"projeler","status":"publish","type":"page","link":"https:\/\/sonproje.com.tr\/index.php\/projeler\/","title":{"rendered":""},"content":{"rendered":"\n<p class=\"has-medium-font-size\"><strong><a href=\"https:\/\/sonproje.com.tr\/\" data-type=\"page\" data-id=\"17\">\u0130MAR<\/a><\/strong><\/p>\n\n\n\n<div class=\"wp-block-columns are-vertically-aligned-top is-not-stacked-on-mobile is-layout-flex wp-container-core-columns-is-layout-28f84493 wp-block-columns-is-layout-flex\">\n<div class=\"wp-block-column is-vertically-aligned-top is-layout-flow wp-block-column-is-layout-flow\" style=\"flex-basis:100%\">\n<div class=\"wp-block-group is-content-justification-center is-nowrap is-layout-flex wp-container-core-group-is-layout-23441af8 wp-block-group-is-layout-flex\">\n<ul class=\"wp-block-list\">\n<li class=\"has-small-font-size\"><strong>ANKARA-G\u00d6LBA\u015eI-EM\u0130RLER DEPOLAMALI GES UYGULAMA &#8211; \u0130MAR PLANI \u00c7ALI\u015eMALARI&nbsp;ANKARA 2024 (DEVAM ED\u0130YOR)<\/strong><\/li>\n\n\n\n<li class=\"has-small-font-size\"><strong>ANKARA-POLATLI-KOCAHACILI_ DEPOLAMALI GES UYGULAMA &#8211; \u0130MAR PLANI \u00c7ALI\u015eMALARI&nbsp;ANKARA 2024 (DEVAM ED\u0130YOR)<\/strong><\/li>\n\n\n\n<li class=\"has-small-font-size\"><strong>TEK\u0130RDA\u011e-MALKARA-\u015eAH\u0130N-DEPOLAMALI GES UYGULAMA &#8211; \u0130MAR PLANI \u00c7ALI\u015eMALARI&nbsp;TEK\u0130RDA\u011e 2024 (DEVAM ED\u0130YOR)<\/strong><\/li>\n\n\n\n<li class=\"has-small-font-size\"><strong>KIRKLAREL\u0130-L\u00dcLEBURGAZ-SARICAAL\u0130-DEPOLAMALI GES UYGULAMA &#8211; \u0130MAR PLANI \u00c7ALI\u015eMALARI&nbsp;KIRKLAREL\u0130 2024 (DEVAM ED\u0130YOR)<\/strong><\/li>\n\n\n\n<li class=\"has-small-font-size\"><strong>B\u0130LEC\u0130K_S\u00d6\u011e\u00dcT_\u00c7ALTI_ DEPOLAMALI GES UYGULAMA &#8211; \u0130MAR PLANI \u00c7ALI\u015eMALARI&nbsp;B\u0130LEC\u0130K 2024 (DEVAM ED\u0130YOR)<\/strong><\/li>\n\n\n\n<li class=\"has-small-font-size\"><strong>ESK\u0130\u015eEH\u0130R- BELPINARI DEPOLAMALI GES UYGULAMA &#8211; \u0130MAR PLANI \u00c7ALI\u015eMALARI&nbsp; ESK\u0130\u015eEH\u0130R \u2013 2024 (DEVAM ED\u0130YOR)<\/strong><\/li>\n\n\n\n<li class=\"has-small-font-size\"><strong>S\u0130VAS\u2013 ULA\u015e BTC BORU HATTI VE TES\u0130SLER\u0130NE A\u0130T UYGULAMA &#8211; NAZIM \u0130MAR PLANI \u00c7ALI\u015eMALARI \u2013 2023 BOTA\u015e (DEVAM ED\u0130YOR)<\/strong><\/li>\n\n\n\n<li class=\"has-small-font-size\"><strong>ERZ\u0130NCAN\u2013\u00c7AYIRLI BTC BORU HATTI VE TES\u0130SLER\u0130NE A\u0130T UYGULAMA &#8211; NAZIM \u0130MAR PLANI \u00c7ALI\u015eMALARI \u2013 2023 BOTA\u015e (DEVAM ED\u0130YOR)<\/strong><\/li>\n\n\n\n<li class=\"has-small-font-size\"><strong>ERZURUM\u2013PAS\u0130NLER BTC BORU HATTI VE TES\u0130SLER\u0130NE A\u0130T UYGULAMA &#8211; NAZIM \u0130MAR PLANI \u00c7ALI\u015eMALARI \u2013 BOTA\u015e (DEVAM ED\u0130YOR)<\/strong><\/li>\n\n\n\n<li class=\"has-small-font-size\"><strong>KAHRAMANMARA\u015e\u2013GEBEN BTC BORU HATTI VE TES\u0130SLER\u0130NE A\u0130T UYGULAMA &#8211; NAZIM \u0130MAR PLANI \u00c7ALI\u015eMALARI \u2013 2023 BOTA\u015e (DEVAM ED\u0130YOR)<\/strong><\/li>\n\n\n\n<li class=\"has-small-font-size\"><strong>KALEC\u0130K AKB\u00d6RK&nbsp; GES UYGULAMA &#8211; NAZIM \u0130MAR PLANI \u00c7ALI\u015eMALARIANKARA\u2013 YILDIZ POL\u0130ET\u0130LEN ENERJ\u0130 2023 BOTA\u015e (DEVAM ED\u0130YOR)<\/strong><\/li>\n\n\n\n<li class=\"has-small-font-size\"><strong>ULA\u015eIM PROJELER\u0130N\u0130N \u0130MAR PLANLARINA ENTEGRASYONU 500 ha. \u0130STANBUL \u2013 \u0130STANBUL B\u00dcY\u00dcK\u015eEH\u0130R BELED\u0130YES\u0130 2023 (DEVAM ED\u0130YOR)<\/strong><\/li>\n\n\n\n<li class=\"has-small-font-size\"><strong>\u00c7ANKIRI YEKA GES UYGULAMA &#8211; NAZIM \u0130MAR PLANI \u00c7ALI\u015e. (YEKA-3 )YBT \/ GUMBEL ENERJ\u0130 2023 (DEVAM ED\u0130YOR)<\/strong><\/li>\n\n\n\n<li class=\"has-small-font-size\"><strong>YOZGAT YEKA GES UYGULAMA &#8211; NAZIM \u0130MAR PLANI \u00c7ALI\u015e. (YEKA-3) YOZGAT \u2013 YBT ENERJ\u0130 2023 (DEVAM ED\u0130YOR)<\/strong><\/li>\n\n\n\n<li class=\"has-small-font-size\"><strong>ESK\u0130\u015eEH\u0130R YEKA GES UYGULAMA &#8211; \u0130MAR PLANI \u00c7ALI\u015e. (YEKA-3) ESK\u0130\u015eEH\u0130R \u2013 YBT ENERJ\u0130 2022 2023 (DEVAM ED\u0130YOR)<\/strong><\/li>\n\n\n\n<li class=\"has-small-font-size\"><strong>\u00c7ORUM YEKA GES UYGULAMA &#8211; \u0130MAR PLANI \u00c7ALI\u015eMALARI (YEKA-3) \u00c7ORUM \u2013 YBT ENERJ\u0130 2023 (DEVAM ED\u0130YOR)<\/strong><\/li>\n\n\n\n<li class=\"has-small-font-size\"><strong>B\u0130LEC\u0130K YEKA GES UYGULAMA \u2013 \u0130MAR PLANI \u00c7ALI\u015eMALARI (YEKA-3) B\u0130LEC\u0130K \u2013 YBT ENERJ\u0130 2022 (DEVAM ED\u0130YOR)<\/strong><\/li>\n\n\n\n<li class=\"has-small-font-size\">ARDAHAN \u2013 POSOF BORU HATTI VE TES\u0130SLER\u0130NE A\u0130T UYGULAMA &#8211; NAZIM \u0130MAR PLANI \u00c7ALI\u015eMALARI \u2013 BOTA\u015e (2023)<\/li>\n\n\n\n<li class=\"has-small-font-size\">\u0130STANBUL\u2013 S\u00dcLEYMAN\u0130YE SOSYOEKONOM\u0130K YAPIYA \u0130L\u0130\u015eK\u0130N VER\u0130 ALIMI VE ANAL\u0130Z ARA\u015eTIRMA \u0130\u015eLER\u0130 VE RAPORU&nbsp; &#8211; B\u0130MTA\u015e (2023)<\/li>\n\n\n\n<li class=\"has-small-font-size\">ULA\u015eIM PROJELER\u0130N\u0130N \u0130MAR PLANLARINA ENTEGRASYONU 600 ha. \u0130STANBUL \u2013 \u0130STANBUL B\u00dcY\u00dcK\u015eEH\u0130R BELED\u0130YES\u0130 (2021-2022)<\/li>\n\n\n\n<li class=\"has-small-font-size\">T\u00dcRK ALMAN \u00dcN\u0130VERS\u0130TES\u0130 \u0130LAVE UYGULAMA &#8211; NAZIM \u0130MAR PLANI \u00c7ALI\u015eMALARI \u0130STANBUL \u2013 T\u00dcRK ALMAN \u00dcN\u0130VERS\u0130TES\u0130 (2021-2022)<\/li>\n\n\n\n<li class=\"has-small-font-size\">ANK GES UYGULAMA &#8211; NAZIM \u0130MAR PLANI KONYA \u2013 ANK GES A.\u015e. (2017)<\/li>\n\n\n\n<li class=\"has-small-font-size\">KAVURAN GES UYGULAMA &#8211; NAZIM \u0130MAR PLANI KONYA \u2013 KAVURAN ELEKTR\u0130KA.\u015e. (2017)<\/li>\n\n\n\n<li class=\"has-small-font-size\">S\u00d6\u011e\u00dcT GES UYGULAMA &#8211; NAZIM \u0130MAR PLANI KONYA \u2013 S\u00d6\u011e\u00dcT ELEKTR\u0130K LTD. \u015eT\u0130. (2017)<\/li>\n\n\n\n<li class=\"has-small-font-size\">H\u00dcZME GES UYGULAMA &#8211; NAZIM \u0130MAR PLANI KONYA \u2013 H\u00dcZME ELEKTR\u0130K LTD. \u015eT\u0130. (2017)<\/li>\n\n\n\n<li class=\"has-small-font-size\">P\u0130REM\u0130R MAHALLES\u0130 KENTSEL D\u00d6N\u00dc\u015e\u00dcM PROJES\u0130&nbsp;BURSA &#8211; YILDIRIM BELED\u0130YES\u0130 (2018)<\/li>\n\n\n\n<li class=\"has-small-font-size\">M\u0130LLET MAHALLES\u0130 KENTSEL D\u00d6N\u00dc\u015e\u00dcM PROJES\u0130&nbsp;BURSA &#8211; YILDIRIM BELED\u0130YES\u0130  (2018)<\/li>\n\n\n\n<li class=\"has-small-font-size\">KONUKLAR BELDES\u0130 UYGULAMA &#8211; NAZIM \u0130MAR PLANI \u00c7ALI\u015eMALARI&nbsp;YOZGAT &#8211; \u0130LBANK  (2016)<\/li>\n\n\n\n<li class=\"has-small-font-size\">DO\u011eANYURT BELDES\u0130 UYGULAMA &#8211; NAZIM \u0130MAR PLANI \u00c7ALI\u015e. KASTAMONU &#8211; \u0130LBANK (2016)<\/li>\n\n\n\n<li class=\"has-small-font-size\">FATSA \u0130LAVE OSB ALANI UYGULAMA &#8211; NAZIM \u0130MAR PLANI ORDU &#8211; OSB B\u00d6LGE M\u00dcD.(2016)<\/li>\n\n\n\n<li class=\"has-small-font-size\">BOLAMAN TUR\u0130ZM ALANI UYGUL.- NAZIM \u0130MAR PLANI ORDU &#8211; ORDU B\u00dcY\u00dcK\u015eEH\u0130R BEL.(2015)<\/li>\n\n\n\n<li class=\"has-small-font-size\">HAMAL GES&nbsp; \u0130MAR PLANLAMA \u00c7ALI\u015eMALARI&nbsp;S\u0130VAS &#8211; GET\u0130R\u0130 ENERJ\u0130<\/li>\n\n\n\n<li class=\"has-small-font-size\">HASANO\u011eLAN GES&nbsp; \u0130MAR PLANLAMA \u00c7ALI\u015eMALARI&nbsp; ANKARA &#8211; GET\u0130R\u0130 ENERJ\u0130<\/li>\n\n\n\n<li class=\"has-small-font-size\">KONYA GES&nbsp; \u0130MAR PLANLAMA \u00c7ALI\u015eMALARI&nbsp;KONYA &#8211; KAVURAN ENERJ\u0130<\/li>\n\n\n\n<li class=\"has-small-font-size\">GEZ\u0130&nbsp; HES&nbsp; \u0130MAR PLANLAMA \u00c7ALI\u015eMALARI&nbsp; ORDU &#8211; G\u00dcNE\u015e \u0130N\u015eAAT<\/li>\n\n\n\n<li class=\"has-small-font-size\">YE\u015e\u0130LALAN&nbsp; HES&nbsp; \u0130MAR PLANLAMA \u00c7ALI\u015eMALARI&nbsp; TRABZON &#8211; ZA\u0130MLER&nbsp; ELEKTR\u0130K \u00dcRET\u0130M A.\u015e.<\/li>\n\n\n\n<li class=\"has-small-font-size\">HOLO&nbsp;HES&nbsp; \u0130MAR PLANLAMA \u00c7ALI\u015eMALARI&nbsp;TRABZON &#8211; ZA\u0130MLER&nbsp; ELEKTR\u0130K \u00dcRET\u0130M A.\u015e.<\/li>\n\n\n\n<li class=\"has-small-font-size\">MUZAFFER&nbsp; HES&nbsp; \u0130MAR PLANLAMA \u00c7ALI\u015eMALARI ORDU &#8211; MUZAFFER<\/li>\n\n\n\n<li class=\"has-small-font-size\">DER\u0130NDERE&nbsp; HES&nbsp; \u0130MAR PLANLAMA \u00c7ALI\u015eMALARI TRABZON &#8211; BAYRAKTAR \u0130N\u015eAAT<\/li>\n\n\n\n<li class=\"has-small-font-size\">ULKUN 1-2 HES&nbsp; \u0130MAR PLANLAMA \u00c7ALI\u015eMALARI&nbsp;\u00c7ORUM- ASKA ENERJ\u0130<\/li>\n\n\n\n<li class=\"has-small-font-size\">SANSA HES&nbsp; \u0130MAR PLANLAMA \u00c7ALI\u015eMALARI&nbsp; TUNCEL\u0130 &#8211; AKSA ENERJ\u0130<\/li>\n\n\n\n<li class=\"has-small-font-size\">KOR BARAJI&nbsp; \u0130MAR PLANLAMA \u00c7ALI\u015eMALARI&nbsp; B\u0130TL\u0130S &#8211; AKSA ENERJ\u0130<\/li>\n\n\n\n<li class=\"has-small-font-size\">BA\u015e\u00d6N\u00dc&nbsp; HES \u0130MAR PLANLAMA \u00c7ALI\u015eMALARI ORDU \u2013 BA\u015e\u00d6N\u00dc ELEKTR\u0130K \u00dcRET\u0130M<\/li>\n\n\n\n<li class=\"has-small-font-size\">EFRENK BARAJI&nbsp; \u0130MAR PLANLAMA \u00c7ALI\u015eMALARI MERS\u0130N &#8211; AKSA ENERJ\u0130<\/li>\n\n\n\n<li class=\"has-small-font-size\">YAMANLI -1 HES&nbsp; \u0130MAR PLANLAMA \u00c7ALI\u015eMALARI ADANA &#8211; AKSA ENERJ\u0130<\/li>\n\n\n\n<li class=\"has-small-font-size\">ARPACI HES&nbsp; \u0130MAR PLANLAMA ve KAMULA\u015eTIRMA \u00c7ALI\u015e. G\u0130RESUN &#8211; HAPA M\u00dcHEND\u0130SL\u0130K<\/li>\n\n\n\n<li class=\"has-small-font-size\">KIZIL\u00c7AM HES&nbsp; \u0130MAR PLANLAMA \u00c7ALI\u015eMALARI KASTAMONU \u2013 YBT ENERJ\u0130<\/li>\n\n\n\n<li class=\"has-small-font-size\">AT\u0130LA-\u015eAHSENE HES&nbsp; \u0130MAR PLANLAMA \u00c7ALI\u015eMALAR ORDU\u2013 \u0130MA ENERJ\u0130<\/li>\n\n\n\n<li class=\"has-small-font-size\">TOKMAD\u0130N HES&nbsp; \u0130MAR PLANLAMA \u00c7ALI\u015eMALARI G\u0130RESUN\u2013 YBT ENERJ\u0130<\/li>\n\n\n\n<li class=\"has-small-font-size\">MEREK HES&nbsp; \u0130MAR PLANLAMA \u00c7ALI\u015eMALARI G\u0130RESUN\u2013 SUKOM ENERJ\u0130<\/li>\n\n\n\n<li class=\"has-small-font-size\">AKSU&nbsp; RES \u0130MAR PLANLAMA \u00c7ALI\u015eMALARI KAYSER\u0130 \u2013 AYEN ENERJ\u0130<\/li>\n\n\n\n<li class=\"has-small-font-size\">GEL\u0130NC\u0130K&nbsp; HES&nbsp; \u0130MAR PLANLAMA \u00c7ALI\u015eMALARI G\u00dcM\u00dc\u015eHANE &#8211;&nbsp; BND ENERJ\u0130<\/li>\n\n\n\n<li class=\"has-small-font-size\">UMUT-3&nbsp; HES&nbsp; \u0130MAR PLANLAMA \u00c7ALI\u015eMALAR ORDU &#8211;&nbsp; MEKEL ENERJ\u0130<\/li>\n\n\n\n<li class=\"has-small-font-size\">A\u00c7MA&nbsp; HES&nbsp; \u0130MAR PLANLAMA \u00c7ALI\u015eMALARI TRABZON &#8211;&nbsp; MEKEL ENERJ\u0130<\/li>\n\n\n\n<li class=\"has-small-font-size\">KOZB\u00dcK\u00dc HES&nbsp; \u0130MAR PLANLAMA \u00c7ALI\u015eMALARI ORDU &#8211; AKSA ENERJ\u0130<\/li>\n\n\n\n<li class=\"has-small-font-size\">EBRU HES&nbsp; \u0130MAR PLANLAMA \u00c7ALI\u015eMALARI KASTAMONU &#8211; BERKE ELEKTR\u0130K<\/li>\n\n\n\n<li class=\"has-small-font-size\">ALATAY-2&nbsp; HES \u0130MAR PLANLAMA \u00c7ALI\u015eMALARI ORDU \u2013 ADALI HOLD\u0130NG<\/li>\n\n\n\n<li class=\"has-small-font-size\">SERP\u0130N HES \u0130MAR PLANLAMA \u00c7ALI\u015eMALARI G\u0130RESUN \u2013 AKSU GROUP<\/li>\n\n\n\n<li class=\"has-small-font-size\">KIZILEV HES \u0130MAR PLANLAMA \u00c7ALI\u015eMALARI&nbsp;G\u0130RESUN\u2013 AKSU GROUP<\/li>\n\n\n\n<li class=\"has-small-font-size\">DARICA-2 HES \u0130MAR PLANLAMA \u00c7ALI\u015eMALARI ORDU \u2013 ORYA ENERJ\u0130<\/li>\n\n\n\n<li class=\"has-small-font-size\">ORDU HES \u0130MAR PLANLAMA \u00c7ALI\u015eMALARI ORDU \u2013 MELET ENERJ\u0130<\/li>\n\n\n\n<li class=\"has-small-font-size\">\u00d6ZL\u00dcCE HES \u0130MAR PLANI \u00c7ALI\u015eMALARI (2011) ERZURUM \u2013 AKSU GROUP<\/li>\n\n\n\n<li class=\"has-small-font-size\">V\u0130ZARA HES \u0130MAR PLANI \u00c7ALI\u015eMALARI (2010) TRABZON \u2013 YILMAZ ULUSOY HOLD\u0130NG<\/li>\n\n\n\n<li class=\"has-small-font-size\">A\u011eKOLU HES \u0130MAR PLANI \u00c7ALI\u015eMALARI (2009) MOR ELEKTR\u0130K \u00dcRET\u0130M A.\u015e.<\/li>\n\n\n\n<li class=\"has-small-font-size\">MOR-2 HES \u0130MAR PLANI \u00c7ALI\u015eMALARI (2008) G\u00dcM\u00dc\u015eHANE\u2013 MOR ELEKTR\u0130K \u00dcRET\u0130M A.\u015e.<\/li>\n\n\n\n<li class=\"has-small-font-size\">\u00d6REN HES \u0130MAR PLANI \u00c7ALI\u015eMALARI (2008) G\u0130RESUN \u2013 \u00c7EL\u0130KLER HOLD\u0130NG<\/li>\n\n\n\n<li class=\"has-small-font-size\">TUVTURK ARA\u00c7 MUAYENE \u0130STASYON. \u0130MAR PLANI \u00c7ALI\u015e.(2008) OR-G\u0130 ARA\u00c7 MUAYENE A.\u015e<\/li>\n\n\n\n<li class=\"has-small-font-size\">TMO DEPOLAMA ALANI \u0130MAR PLANI \u00c7ALI\u015eMALARI (2008) REYSA\u015e A.\u015e.<\/li>\n\n\n\n<li class=\"has-small-font-size\">G\u00dcLYALI YAT L\u0130MANI ALANI \u0130MAR PLANI \u00c7ALI\u015e. (2005) ORDU\u2013 DEM\u0130RKOL TERSANEC\u0130L\u0130K<\/li>\n\n\n\n<li class=\"has-small-font-size\">\u00dcNYE ORGAN\u0130ZE SANAY\u0130&nbsp; NAZIM \u2013 UYGULAMA \u0130MAR PLANI \u00dcNYE&nbsp; BELED\u0130YES\u0130 &#8211;&nbsp; T.C. B\u0130L\u0130M SANAY\u0130 ve TEKNOLOJ\u0130 BAKANLI\u011eI (2014<strong>)<\/strong><\/li>\n\n\n\n<li class=\"has-small-font-size\">\u00c7AMBA\u015eI KAYAK TES\u0130S\u0130 ve TUR\u0130ZM MERKEZ\u0130 TES\u0130 S ALANI NAZIM \u2013 UYGULAMA \u0130MAR PLANI YOKU\u015eD\u0130B\u0130 BELED\u0130YES\u0130 &#8211;&nbsp; T.C. K\u00dcLT\u00dcR ve TUR\u0130ZM BAKANLI\u011eI (2014)<\/li>\n\n\n\n<li class=\"has-small-font-size\">\u00c7AMBA\u015eI TUR\u0130ZM MERKEZ\u0130 \u00c7EVRE D\u00dcZEN\u0130 PLANI YOKU\u015eD\u0130B\u0130 BELED\u0130YES\u0130 &#8211;&nbsp; T.C. \u00c7EVRE ve \u015eEH\u0130RC\u0130L\u0130K&nbsp; BAKANLI\u011eI (2014)<\/li>\n\n\n\n<li class=\"has-small-font-size\">G\u00dcLYALI NAZIM \u0130MAR PLANI YAPIMI 286 HA. (2009) ORDU\u2013 T.C. G\u00dcLYALI BELED\u0130YES\u0130<\/li>\n\n\n\n<li class=\"has-small-font-size\">TOK\u0130 3. ETAP \u0130MAR PLANI \u00c7ALI\u015eMALARI 60 HA. (2009) ORDU\u2013 MEMURKENT KON.YAPI KOOP.<\/li>\n\n\n\n<li class=\"has-small-font-size\">TOK\u0130 2.ETAP \u0130MAR PLANI \u00c7ALI\u015eMALARI 100 HA. (2009) ORDU\u2013 MEMURKENT KON.YAPI KOOP.<\/li>\n\n\n\n<li class=\"has-small-font-size\">L\u0130MN\u0130 G\u00d6L\u00dc GEL\u0130\u015eME PLANI (2007) G\u00dcM\u00dc\u015eHANE \u2013 T.C. G\u00dcM\u00dc\u015eHANE \u0130L \u00c7EVRE ORMAN MD.<\/li>\n\n\n\n<li class=\"has-small-font-size\">\u00dcN\u0130VERS\u0130TES\u0130 YERSE\u00c7\u0130M\u0130 \u00c7ALI\u015eMALARI (2002) T.C. ORDU VAL\u0130L\u0130\u011e\u0130<\/li>\n\n\n\n<li class=\"has-small-font-size\">BE\u015e\u0130KTA\u015e LEVENT PLAZALAR B\u00d6LGES\u0130 DOP D\u00dcZENLEME (2001) T.C. BE\u015e\u0130KTA\u015e BELED\u0130YES\u0130<\/li>\n\n\n\n<li class=\"has-small-font-size\">\u00c7AKIRLI BELED\u0130YES\u0130&nbsp; \u0130MAR PLANI YAPIMI 50 HA.(2000) T.C. \u00c7AKIRLI BELED\u0130YES\u0130<\/li>\n<\/ul>\n<\/div>\n<\/div>\n<\/div>\n\n\n\n<figure class=\"wp-block-image aligncenter size-large is-resized has-custom-border is-style-default wp-duotone-111111-e4efeb-1\"><img loading=\"lazy\" decoding=\"async\" width=\"1024\" height=\"410\" src=\"https:\/\/sonproje.com.tr\/wp-content\/uploads\/2024\/03\/urban-design-2-1024x410.jpg\" alt=\"\" class=\"wp-image-146\" style=\"border-style:none;border-width:0px;border-radius:22px;width:610px;height:auto\" srcset=\"https:\/\/sonproje.com.tr\/wp-content\/uploads\/2024\/03\/urban-design-2-1024x410.jpg 1024w, https:\/\/sonproje.com.tr\/wp-content\/uploads\/2024\/03\/urban-design-2-300x120.jpg 300w, https:\/\/sonproje.com.tr\/wp-content\/uploads\/2024\/03\/urban-design-2-768x307.jpg 768w, https:\/\/sonproje.com.tr\/wp-content\/uploads\/2024\/03\/urban-design-2-1536x614.jpg 1536w, https:\/\/sonproje.com.tr\/wp-content\/uploads\/2024\/03\/urban-design-2.jpg 2000w\" sizes=\"auto, (max-width: 1024px) 100vw, 1024px\" \/><\/figure>\n","protected":false},"excerpt":{"rendered":"<p>\u0130MAR<\/p>\n","protected":false},"author":1,"featured_media":0,"parent":0,"menu_order":0,"comment_status":"closed","ping_status":"closed","template":"","meta":{"footnotes":""},"class_list":["post-107","page","type-page","status-publish","hentry"],"_links":{"self":[{"href":"https:\/\/sonproje.com.tr\/index.php\/wp-json\/wp\/v2\/pages\/107","targetHints":{"allow":["GET"]}}],"collection":[{"href":"https:\/\/sonproje.com.tr\/index.php\/wp-json\/wp\/v2\/pages"}],"about":[{"href":"https:\/\/sonproje.com.tr\/index.php\/wp-json\/wp\/v2\/types\/page"}],"author":[{"embeddable":true,"href":"https:\/\/sonproje.com.tr\/index.php\/wp-json\/wp\/v2\/users\/1"}],"replies":[{"embeddable":true,"href":"https:\/\/sonproje.com.tr\/index.php\/wp-json\/wp\/v2\/comments?post=107"}],"version-history":[{"count":21,"href":"https:\/\/sonproje.com.tr\/index.php\/wp-json\/wp\/v2\/pages\/107\/revisions"}],"predecessor-version":[{"id":205,"href":"https:\/\/sonproje.com.tr\/index.php\/wp-json\/wp\/v2\/pages\/107\/revisions\/205"}],"wp:attachment":[{"href":"https:\/\/sonproje.com.tr\/index.php\/wp-json\/wp\/v2\/media?parent=107"}],"curies":[{"name":"wp","href":"https:\/\/api.w.org\/{rel}","templated":true}]}}